{"id":5,"date":"2019-07-24T14:27:39","date_gmt":"2019-07-24T14:27:39","guid":{"rendered":"https:\/\/xunarestaurante.com.mx\/?page_id=5"},"modified":"2025-09-19T23:48:05","modified_gmt":"2025-09-19T23:48:05","slug":"dining","status":"publish","type":"page","link":"https:\/\/xunarestaurante.com.mx\/?page_id=5","title":{"rendered":"Dining"},"content":{"rendered":"<h1>Un lugar en Xuna, una experiencia para recordar<\/h1>\n<div>\n<p data-start=\"315\" data-end=\"609\">En el coraz\u00f3n de la Roma, Xuna invita a vivir una experiencia culinaria donde tradici\u00f3n e innovaci\u00f3n se encuentran.<br data-start=\"430\" data-end=\"433\" \/>Asegura tu lugar y disfruta de un viaje gastron\u00f3mico dise\u00f1ado por el chef Jonat\u00e1n G\u00f3mez Luna, donde cada plato honra nuestras ra\u00edces y las reinventa con visi\u00f3n contempor\u00e1nea.<\/p>\n<\/div>\n<p><p>\n        <a href=\"https:\/\/www.opentable.com.mx\/r\/octavia-ciudad-de-mexico\">OPENTABLE<\/a>\n    <\/p>\n<\/p>\n<h2>UBICACI\u00d3N<\/h2>\n<div>\n<div class=\"oizC8BX8M3s-\">\n<div class=\"ugL-ExXtGrk-\">\n<div class=\"-XkftahGV5Y-\">Calle Valladolid 96, Col. Roma Norte, Ciudad de M\u00e9xico.<\/div>\n<\/div>\n<\/div>\n<\/div>\n<h2>HORARIO<\/h2>\n<ul>\n<li>\n<h3>Lun &#8211; Sab<\/h3>\n<div>\n<p>14:00 pm &#8211; 21.00 pm<\/p>\n<\/div>\n<\/li>\n<li>\n<h3>Domingo<\/h3>\n<div>\n<p>Cerrado<\/p>\n<\/div>\n<\/li>\n<\/ul>\n<h2>Contacto<\/h2>\n<div>\n<p>+52 55 9459 5020<\/p>\n<\/div>\n<div>\n<div style=\"width:100%; height:500px;\">\n  <iframe \n    src=\"https:\/\/www.google.com\/maps\/embed?pb=!1m18!1m12!1m3!1d3762.8748491154647!2d-99.17009422441618!3d19.41781264115228!2m3!1f0!2f0!3f0!3m2!1i1024!2i768!4f13.1!3m3!1m2!1s0x85d1ff387714d8f5%3A0x3b7145cdf2254839!2sValladolid%2096%2C%20Roma%20Nte.%2C%20Cuauht%C3%A9moc%2C%2006700%20Ciudad%20de%20M%C3%A9xico%2C%20CDMX!5e0!3m2!1sen!2smx!4v1758174254694!5m2!1sen!2smx\" \n    width=\"100%\" \n    height=\"80%\" \n    style=\"border:0;\" \n    allowfullscreen=\"\" \n    loading=\"lazy\" \n    referrerpolicy=\"no-referrer-when-downgrade\"><br \/>\n  <\/iframe>\n<\/div>\n<\/div>\n<p><!--more--><br \/>\n<!-- {\"type\":\"layout\",\"children\":[{\"name\":\"Image\",\"type\":\"section\",\"props\":{\"header_transparent\":true,\"height_viewport\":40,\"image\":\"wp-content\\\/uploads\\\/2025\\\/09\\\/Xuna54-scaled.jpg\",\"image_effect\":\"fixed\",\"image_loading\":true,\"image_position\":\"top-center\",\"media_focal_point\":\"bottom-center\",\"media_overlay\":\"rgba(0, 0, 0, 0.46)\",\"padding\":\"large\",\"preserve_color\":false,\"style\":\"default\",\"text_color\":\"light\",\"title_breakpoint\":\"xl\",\"title_position\":\"top-left\",\"title_rotation\":\"left\",\"vertical_align\":\"middle\",\"width\":\"default\"},\"children\":[{\"type\":\"row\",\"children\":[{\"type\":\"column\",\"props\":{\"image_position\":\"center-center\",\"position_sticky_breakpoint\":\"m\",\"width_medium\":\"1-1\"}}]}]},{\"name\":\"Contact\",\"type\":\"section\",\"props\":{\"animation\":\"fade\",\"image_position\":\"center-center\",\"image_size\":\"cover\",\"padding\":\"large\",\"padding_remove_bottom\":false,\"style\":\"default\",\"title_breakpoint\":\"xl\",\"title_position\":\"top-left\",\"title_rotation\":\"left\",\"vertical_align\":\"\",\"width\":\"default\"},\"children\":[{\"type\":\"row\",\"children\":[{\"type\":\"column\",\"props\":{\"image_position\":\"center-center\",\"position_sticky_breakpoint\":\"m\",\"width_medium\":\"1-1\"},\"children\":[{\"type\":\"headline\",\"props\":{\"content\":\"Un lugar en Xuna, una experiencia para recordar\",\"maxwidth\":\"2xlarge\",\"text_align\":\"left\",\"title_element\":\"h1\",\"title_style\":\"h2\"}},{\"type\":\"divider\",\"props\":{\"divider_element\":\"div\",\"divider_style\":\"small\"}},{\"type\":\"text\",\"props\":{\"column_breakpoint\":\"m\",\"content\":\"\n\n<p data-start=\\\"315\\\" data-end=\\\"609\\\">En el coraz\\u00f3n de la Roma, Xuna invita a vivir una experiencia culinaria donde tradici\\u00f3n e innovaci\\u00f3n se encuentran.<br data-start=\\\"430\\\" data-end=\\\"433\\\" \\\/>Asegura tu lugar y disfruta de un viaje gastron\\u00f3mico dise\\u00f1ado por el chef Jonat\\u00e1n G\\u00f3mez Luna, donde cada plato honra nuestras ra\\u00edces y las reinventa con visi\\u00f3n contempor\\u00e1nea.<\\\/p>\",\"margin\":\"medium\",\"maxwidth\":\"xlarge\",\"text_align\":\"left\"}},{\"type\":\"button\",\"props\":{\"grid_column_gap\":\"small\",\"grid_row_gap\":\"small\",\"margin\":\"default\"},\"children\":[{\"type\":\"button_item\",\"props\":{\"button_style\":\"secondary\",\"content\":\"OPENTABLE\",\"dialog_layout\":\"modal\",\"dialog_offcanvas_flip\":true,\"icon_align\":\"left\",\"link\":\"https:\\\/\\\/www.opentable.com.mx\\\/r\\\/octavia-ciudad-de-mexico\"}}]}]}]},{\"type\":\"row\",\"props\":{\"column_gap\":\"large\",\"layout\":\"1-3,1-3,1-3\",\"margin\":\"xlarge\",\"row_gap\":\"large\",\"width\":\"default\"},\"children\":[{\"type\":\"column\",\"props\":{\"image_position\":\"center-center\",\"position_sticky_breakpoint\":\"m\",\"width_medium\":\"1-3\"},\"children\":[{\"type\":\"headline\",\"props\":{\"content\":\"UBICACI\\u00d3N\",\"margin\":\"medium\",\"margin_remove_bottom\":true,\"title_decoration\":\"divider\",\"title_element\":\"h2\",\"title_style\":\"h4\"}},{\"type\":\"text\",\"props\":{\"column_breakpoint\":\"m\",\"content\":\"\n\n<div class=\\\"oizC8BX8M3s-\\\">\\n\n\n<div class=\\\"ugL-ExXtGrk-\\\">\\n\n\n<div class=\\\"-XkftahGV5Y-\\\">Calle Valladolid 96, Col. Roma Norte, Ciudad de M\\u00e9xico.<\\\/div>\\n<\\\/div>\\n<\\\/div>\",\"margin\":\"default\",\"text_align\":\"left\"}}]},{\"type\":\"column\",\"props\":{\"image_position\":\"center-center\",\"position_sticky_breakpoint\":\"m\",\"width_medium\":\"1-3\"},\"children\":[{\"type\":\"headline\",\"props\":{\"content\":\"HORARIO\",\"margin\":\"medium\",\"margin_remove_bottom\":true,\"title_decoration\":\"divider\",\"title_element\":\"h2\",\"title_style\":\"h4\"}},{\"type\":\"description_list\",\"props\":{\"column_breakpoint\":\"m\",\"layout\":\"grid-2\",\"list_element\":\"ul\",\"meta_align\":\"below-content\",\"meta_style\":\"text-meta\",\"show_content\":true,\"show_link\":true,\"show_meta\":true,\"show_title\":true,\"title_element\":\"div\",\"title_grid_column_gap\":\"small\",\"title_grid_row_gap\":\"small\",\"title_grid_width\":\"small\"},\"children\":[{\"type\":\"description_list_item\",\"props\":{\"content\":\"\n\n<p>14:00 pm - 21.00 pm<\\\/p>\",\"title\":\"Lun - Sab\"}},{\"type\":\"description_list_item\",\"props\":{\"content\":\"\n\n<p>Cerrado<\\\/p>\",\"title\":\"Domingo\"}}]}]},{\"type\":\"column\",\"props\":{\"image_position\":\"center-center\",\"position_sticky_breakpoint\":\"m\",\"width_medium\":\"1-3\"},\"children\":[{\"type\":\"headline\",\"props\":{\"content\":\"Contacto\",\"margin_remove_bottom\":false,\"title_decoration\":\"divider\",\"title_element\":\"h2\",\"title_style\":\"h4\"}},{\"type\":\"text\",\"props\":{\"column_breakpoint\":\"m\",\"content\":\"\n\n<p>+52 55 9459 5020<\\\/p>\",\"margin\":\"remove-vertical\",\"margin_remove_bottom\":true}}]}]}]},{\"name\":\"Map\",\"type\":\"section\",\"props\":{\"image_position\":\"center-center\",\"padding\":\"none\",\"style\":\"default\",\"title_breakpoint\":\"xl\",\"title_position\":\"top-left\",\"title_rotation\":\"left\",\"vertical_align\":\"\",\"width\":\"\"},\"children\":[{\"type\":\"row\",\"children\":[{\"type\":\"column\",\"props\":{\"image_position\":\"center-center\",\"position_sticky_breakpoint\":\"m\",\"width_medium\":\"1-1\"},\"children\":[{\"type\":\"html\",\"props\":{\"content\":\"\n\n<div style=\\\"width:100%; height:500px;\\\">\\n  <iframe \\n    src=\\\"https:\\\/\\\/www.google.com\\\/maps\\\/embed?pb=!1m18!1m12!1m3!1d3762.8748491154647!2d-99.17009422441618!3d19.41781264115228!2m3!1f0!2f0!3f0!3m2!1i1024!2i768!4f13.1!3m3!1m2!1s0x85d1ff387714d8f5%3A0x3b7145cdf2254839!2sValladolid%2096%2C%20Roma%20Nte.%2C%20Cuauht%C3%A9moc%2C%2006700%20Ciudad%20de%20M%C3%A9xico%2C%20CDMX!5e0!3m2!1sen!2smx!4v1758174254694!5m2!1sen!2smx\\\" \\n    width=\\\"100%\\\" \\n    height=\\\"80%\\\" \\n    style=\\\"border:0;\\\" \\n    allowfullscreen=\\\"\\\" \\n    loading=\\\"lazy\\\" \\n    referrerpolicy=\\\"no-referrer-when-downgrade\\\">\\n  <\\\/iframe>\\n<\\\/div>\"}}]}]}]}],\"version\":\"4.5.21\"} --><\/p>\n","protected":false},"excerpt":{"rendered":"<p>Un lugar en Xuna, una experiencia para recordar En el coraz\u00f3n de la Roma, Xuna invita a vivir una experiencia culinaria donde tradici\u00f3n e innovaci\u00f3n se encuentran.Asegura tu lugar y disfruta de un viaje gastron\u00f3mico dise\u00f1ado por el chef Jonat\u00e1n G\u00f3mez Luna, donde cada plato honra nuestras ra\u00edces y las reinventa con visi\u00f3n contempor\u00e1nea. OPENTABLE [&hellip;]<\/p>\n","protected":false},"author":1,"featured_media":0,"parent":0,"menu_order":7,"comment_status":"closed","ping_status":"closed","template":"","meta":{"_acf_changed":false,"footnotes":""},"class_list":["post-5","page","type-page","status-publish","hentry"],"acf":[],"_links":{"self":[{"href":"https:\/\/xunarestaurante.com.mx\/index.php?rest_route=\/wp\/v2\/pages\/5","targetHints":{"allow":["GET"]}}],"collection":[{"href":"https:\/\/xunarestaurante.com.mx\/index.php?rest_route=\/wp\/v2\/pages"}],"about":[{"href":"https:\/\/xunarestaurante.com.mx\/index.php?rest_route=\/wp\/v2\/types\/page"}],"author":[{"embeddable":true,"href":"https:\/\/xunarestaurante.com.mx\/index.php?rest_route=\/wp\/v2\/users\/1"}],"replies":[{"embeddable":true,"href":"https:\/\/xunarestaurante.com.mx\/index.php?rest_route=%2Fwp%2Fv2%2Fcomments&post=5"}],"version-history":[{"count":53,"href":"https:\/\/xunarestaurante.com.mx\/index.php?rest_route=\/wp\/v2\/pages\/5\/revisions"}],"predecessor-version":[{"id":2332,"href":"https:\/\/xunarestaurante.com.mx\/index.php?rest_route=\/wp\/v2\/pages\/5\/revisions\/2332"}],"wp:attachment":[{"href":"https:\/\/xunarestaurante.com.mx\/index.php?rest_route=%2Fwp%2Fv2%2Fmedia&parent=5"}],"curies":[{"name":"wp","href":"https:\/\/api.w.org\/{rel}","templated":true}]}}