{"id":19,"date":"2019-07-24T14:27:38","date_gmt":"2019-07-24T14:27:38","guid":{"rendered":"https:\/\/xunarestaurante.com.mx\/?page_id=19"},"modified":"2025-09-20T00:19:21","modified_gmt":"2025-09-20T00:19:21","slug":"contact","status":"publish","type":"page","link":"https:\/\/xunarestaurante.com.mx\/?page_id=19","title":{"rendered":"Contact"},"content":{"rendered":"<h1>NOSOTROS<\/h1>\n<div>\n<h2 data-start=\"230\" data-end=\"261\">La historia detr\u00e1s de Xuna<\/h2>\n<\/div>\n<h2>ORIGEN<\/h2>\n<div>\n<p>Xuna, que en maya significa <strong data-start=\"291\" data-end=\"308\">\u201cGran Se\u00f1ora\u201d<\/strong>, nace como un tributo a todas las cocineras mexicanas que, con sabidur\u00eda y sensibilidad, han transmitido cultura, tradici\u00f3n y memoria a trav\u00e9s del fuego y los fogones. Es un homenaje a esa fuerza femenina que ha dado forma a la identidad culinaria de M\u00e9xico.\u00a0<\/p>\n<\/div>\n<div>\n<p>        <img decoding=\"async\" src=\"\/wp-content\/uploads\/2025\/09\/10.png\" alt=\"\"><\/p>\n<\/div>\n<div>\n<p>        <img decoding=\"async\" src=\"\/wp-content\/uploads\/2025\/09\/5-1.png\" alt=\"\"><\/p>\n<\/div>\n<div>\n<p>        <img decoding=\"async\" src=\"\/wp-content\/uploads\/2025\/09\/6.png\" alt=\"\"><\/p>\n<\/div>\n<h2>NUESTRA CASA<\/h2>\n<div>\n<p>En este esp\u00edritu surge <strong data-start=\"536\" data-end=\"564\">Xuna dentro de Casa Izel<\/strong>, un hotel ubicado en la Colonia Roma que combina historia, arte y hospitalidad contempor\u00e1nea. Aqu\u00ed, la arquitectura patrimonial y el dise\u00f1o actual enmarcan un espacio gastron\u00f3mico \u00fanico, donde pasado y presente dialogan en cada detalle.<\/p>\n<\/div>\n<h2>CHEF<\/h2>\n<div>\n<p>Al frente de este proyecto est\u00e1 el chef <strong data-start=\"845\" data-end=\"867\">Jonat\u00e1n G\u00f3mez Luna<\/strong>, uno de los exponentes m\u00e1s destacados de la cocina mexicana contempor\u00e1nea. Con una visi\u00f3n audaz y respetuosa, transforma recetas ancestrales e ingredientes nativos en creaciones que honran nuestras ra\u00edces, al mismo tiempo que las proyectan hacia el futuro.<\/p>\n<\/div>\n<p><img decoding=\"async\" src=\"\/wp-content\/uploads\/2025\/09\/Octavia-0085-scaled.jpg\" alt=\"\"><\/p>\n<div>\n<h5>Cada mesa en Xuna es un escenario donde historia, sabor e innovaci\u00f3n se entrelazan; un espacio para conectar con la cultura y la memoria de M\u00e9xico en constante evoluci\u00f3n.<\/h5>\n<\/div>\n<p><!--more--><br \/>\n<!-- {\"type\":\"layout\",\"children\":[{\"name\":\"Hero\",\"type\":\"section\",\"props\":{\"animation\":\"fade\",\"image\":\"wp-content\\\/uploads\\\/2025\\\/09\\\/Untitled-design-11.png\",\"image_loading\":true,\"image_position\":\"bottom-left\",\"image_size\":\"height-1-1\",\"media_background\":\"rgba(0, 0, 0, 0)\",\"media_focal_point\":\"bottom-left\",\"media_overlay\":\"rgba(0, 0, 0, 0)\",\"media_visibility\":\"m\",\"padding\":\"small\",\"padding_remove_top\":false,\"style\":\"default\",\"title_breakpoint\":\"xl\",\"title_position\":\"top-left\",\"title_rotation\":\"left\",\"vertical_align\":\"\",\"width\":\"xsmall\"},\"children\":[{\"type\":\"row\",\"props\":{\"margin\":\"xlarge\"},\"children\":[{\"type\":\"column\",\"props\":{\"image_position\":\"center-center\",\"position_sticky_breakpoint\":\"m\",\"width_medium\":\"1-1\"},\"children\":[{\"type\":\"headline\",\"props\":{\"content\":\"NOSOTROS\",\"text_align\":\"center\",\"title_element\":\"h1\",\"title_style\":\"h6\"}},{\"type\":\"headline\",\"props\":{\"block_align\":\"center\",\"content\":\"\n\n<h2 data-start=\\\"230\\\" data-end=\\\"261\\\">La historia detr\\u00e1s de Xuna<\\\/h2>\",\"margin\":\"large\",\"margin_remove_bottom\":true,\"maxwidth\":\"2xlarge\",\"text_align\":\"center\",\"title_element\":\"div\",\"title_style\":\"h2\"}},{\"type\":\"divider\",\"props\":{\"divider_align\":\"center\",\"divider_element\":\"div\",\"divider_style\":\"small\",\"margin\":\"medium\"}}]}]}]},{\"name\":\"History\",\"type\":\"section\",\"props\":{\"animation\":\"fade\",\"image_position\":\"top-right\",\"padding\":\"small\",\"padding_remove_top\":true,\"style\":\"default\",\"title_breakpoint\":\"xl\",\"title_position\":\"top-left\",\"title_rotation\":\"left\",\"vertical_align\":\"\",\"width\":\"default\"},\"children\":[{\"type\":\"row\",\"props\":{\"divider\":false,\"layout\":\"1-2,1-2\"},\"children\":[{\"type\":\"column\",\"props\":{\"image_position\":\"center-center\",\"position_sticky_breakpoint\":\"m\",\"width_small\":\"1-2\"},\"children\":[{\"type\":\"headline\",\"props\":{\"content\":\"ORIGEN\",\"margin\":\"medium\",\"margin_remove_bottom\":false,\"title_element\":\"h2\",\"title_style\":\"h3\"}},{\"type\":\"text\",\"props\":{\"column_breakpoint\":\"m\",\"content\":\"\n\n<p>Xuna, que en maya significa <strong data-start=\\\"291\\\" data-end=\\\"308\\\">\\u201cGran Se\\u00f1ora\\u201d<\\\/strong>, nace como un tributo a todas las cocineras mexicanas que, con sabidur\\u00eda y sensibilidad, han transmitido cultura, tradici\\u00f3n y memoria a trav\\u00e9s del fuego y los fogones. Es un homenaje a esa fuerza femenina que ha dado forma a la identidad culinaria de M\\u00e9xico.\\u00a0<\\\/p>\",\"dropcap\":true,\"margin\":\"medium\"}},{\"type\":\"panel\",\"props\":{\"content\":\"\",\"content_column_breakpoint\":\"m\",\"icon_width\":80,\"image\":\"wp-content\\\/uploads\\\/2025\\\/09\\\/10.png\",\"image_align\":\"top\",\"image_grid_breakpoint\":\"m\",\"image_grid_width\":\"1-2\",\"image_height\":\"380\",\"image_loading\":true,\"image_svg_color\":\"emphasis\",\"image_width\":\"610\",\"link_style\":\"default\",\"link_text\":\"Read more\",\"margin\":\"large\",\"margin_remove_bottom\":true,\"meta\":\"\",\"meta_align\":\"below-title\",\"meta_element\":\"div\",\"meta_style\":\"text-meta\",\"title\":\"\",\"title_align\":\"top\",\"title_element\":\"h3\",\"title_grid_breakpoint\":\"m\",\"title_grid_width\":\"1-2\",\"title_hover_style\":\"reset\"}},{\"type\":\"panel\",\"props\":{\"content\":\"\",\"content_column_breakpoint\":\"m\",\"icon_width\":80,\"image\":\"wp-content\\\/uploads\\\/2025\\\/09\\\/5-1.png\",\"image_align\":\"top\",\"image_grid_breakpoint\":\"m\",\"image_grid_width\":\"1-2\",\"image_height\":\"380\",\"image_svg_color\":\"emphasis\",\"image_width\":\"610\",\"link_style\":\"default\",\"link_text\":\"Read more\",\"margin\":\"medium\",\"meta\":\"\",\"meta_align\":\"below-title\",\"meta_element\":\"div\",\"meta_style\":\"text-meta\",\"title\":\"\",\"title_align\":\"top\",\"title_element\":\"h3\",\"title_grid_breakpoint\":\"m\",\"title_grid_width\":\"1-2\",\"title_hover_style\":\"reset\"}}]},{\"type\":\"column\",\"props\":{\"image_position\":\"center-center\",\"position_sticky_breakpoint\":\"m\",\"width_small\":\"1-2\"},\"children\":[{\"type\":\"panel\",\"props\":{\"content\":\"\",\"content_column_breakpoint\":\"m\",\"icon_width\":80,\"image\":\"wp-content\\\/uploads\\\/2025\\\/09\\\/6.png\",\"image_align\":\"top\",\"image_grid_breakpoint\":\"m\",\"image_grid_width\":\"1-2\",\"image_height\":\"814\",\"image_loading\":true,\"image_svg_color\":\"emphasis\",\"image_width\":\"610\",\"link_style\":\"default\",\"link_text\":\"Read more\",\"margin\":\"large\",\"meta\":\"\",\"meta_align\":\"below-title\",\"meta_element\":\"div\",\"meta_style\":\"text-meta\",\"title\":\"\",\"title_align\":\"top\",\"title_element\":\"h3\",\"title_grid_breakpoint\":\"m\",\"title_grid_width\":\"1-2\",\"title_hover_style\":\"reset\"}},{\"type\":\"headline\",\"props\":{\"content\":\"NUESTRA CASA\",\"margin\":\"default\",\"margin_remove_bottom\":false,\"title_element\":\"h2\",\"title_style\":\"h3\"}},{\"type\":\"text\",\"props\":{\"column_breakpoint\":\"m\",\"content\":\"\n\n<p>En este esp\\u00edritu surge <strong data-start=\\\"536\\\" data-end=\\\"564\\\">Xuna dentro de Casa Izel<\\\/strong>, un hotel ubicado en la Colonia Roma que combina historia, arte y hospitalidad contempor\\u00e1nea. Aqu\\u00ed, la arquitectura patrimonial y el dise\\u00f1o actual enmarcan un espacio gastron\\u00f3mico \\u00fanico, donde pasado y presente dialogan en cada detalle.<\\\/p>\",\"margin\":\"default\"}}]}]}]},{\"name\":\"Owner\",\"type\":\"section\",\"props\":{\"animation\":\"fade\",\"image\":\"wp-content\\\/uploads\\\/2025\\\/09\\\/Untitled-design-10.png\",\"image_position\":\"top-right\",\"media_visibility\":\"s\",\"padding\":\"small\",\"padding_remove_bottom\":false,\"padding_remove_top\":false,\"style\":\"default\",\"title_breakpoint\":\"xl\",\"title_position\":\"top-left\",\"title_rotation\":\"left\",\"vertical_align\":\"\",\"width\":\"default\"},\"children\":[{\"type\":\"row\",\"children\":[{\"type\":\"column\",\"props\":{\"image_position\":\"center-center\",\"position_sticky_breakpoint\":\"m\",\"width_medium\":\"1-1\"},\"children\":[{\"type\":\"headline\",\"props\":{\"content\":\"CHEF\",\"text_align\":\"center\",\"title_element\":\"h2\"}},{\"type\":\"text\",\"props\":{\"block_align\":\"center\",\"column_breakpoint\":\"m\",\"content\":\"\n\n<p>Al frente de este proyecto est\\u00e1 el chef <strong data-start=\\\"845\\\" data-end=\\\"867\\\">Jonat\\u00e1n G\\u00f3mez Luna<\\\/strong>, uno de los exponentes m\\u00e1s destacados de la cocina mexicana contempor\\u00e1nea. Con una visi\\u00f3n audaz y respetuosa, transforma recetas ancestrales e ingredientes nativos en creaciones que honran nuestras ra\\u00edces, al mismo tiempo que las proyectan hacia el futuro.<\\\/p>\",\"margin\":\"large\",\"margin_remove_top\":false,\"maxwidth\":\"xlarge\",\"text_align\":\"center\"}},{\"type\":\"image\",\"props\":{\"image\":\"wp-content\\\/uploads\\\/2025\\\/09\\\/Octavia-0085-scaled.jpg\",\"image_height\":\"575\",\"image_svg_color\":\"emphasis\",\"image_width\":\"1200\",\"margin\":\"default\"}}]}]}]},{\"name\":\"Quote\",\"type\":\"section\",\"props\":{\"animation\":\"fade\",\"image\":\"wp-content\\\/uploads\\\/2025\\\/09\\\/Xuna24-scaled.jpg\",\"image_effect\":\"fixed\",\"image_position\":\"center-center\",\"image_size\":\"cover\",\"image_width\":\"1920\",\"padding\":\"large\",\"style\":\"default\",\"text_color\":\"dark\",\"title_breakpoint\":\"xl\",\"title_position\":\"top-left\",\"title_rotation\":\"left\",\"vertical_align\":\"\",\"width\":\"default\"},\"children\":[{\"type\":\"row\",\"props\":{\"layout\":\"1-2,1-2\"},\"children\":[{\"type\":\"column\",\"props\":{\"image_position\":\"center-center\",\"position_sticky_breakpoint\":\"m\",\"vertical_align\":\"middle\",\"width_medium\":\"1-2\"}},{\"type\":\"column\",\"props\":{\"image_position\":\"center-center\",\"padding\":\"large\",\"position_sticky_breakpoint\":\"m\",\"style\":\"tile-primary\",\"vertical_align\":\"middle\",\"width_medium\":\"1-2\"},\"children\":[{\"type\":\"text\",\"props\":{\"column_breakpoint\":\"m\",\"content\":\"\n\n<h5>Cada mesa en Xuna es un escenario donde historia, sabor e innovaci\\u00f3n se entrelazan; un espacio para conectar con la cultura y la memoria de M\\u00e9xico en constante evoluci\\u00f3n.<\\\/h5>\",\"margin\":\"default\",\"text_style\":\"meta\"}}]}]}]}],\"version\":\"4.5.21\"} --><\/p>\n","protected":false},"excerpt":{"rendered":"<p>NOSOTROS La historia detr\u00e1s de Xuna ORIGEN Xuna, que en maya significa \u201cGran Se\u00f1ora\u201d, nace como un tributo a todas las cocineras mexicanas que, con sabidur\u00eda y sensibilidad, han transmitido cultura, tradici\u00f3n y memoria a trav\u00e9s del fuego y los fogones. Es un homenaje a esa fuerza femenina que ha dado forma a la identidad [&hellip;]<\/p>\n","protected":false},"author":1,"featured_media":0,"parent":0,"menu_order":2,"comment_status":"closed","ping_status":"closed","template":"","meta":{"_acf_changed":false,"footnotes":""},"class_list":["post-19","page","type-page","status-publish","hentry"],"acf":[],"_links":{"self":[{"href":"https:\/\/xunarestaurante.com.mx\/index.php?rest_route=\/wp\/v2\/pages\/19","targetHints":{"allow":["GET"]}}],"collection":[{"href":"https:\/\/xunarestaurante.com.mx\/index.php?rest_route=\/wp\/v2\/pages"}],"about":[{"href":"https:\/\/xunarestaurante.com.mx\/index.php?rest_route=\/wp\/v2\/types\/page"}],"author":[{"embeddable":true,"href":"https:\/\/xunarestaurante.com.mx\/index.php?rest_route=\/wp\/v2\/users\/1"}],"replies":[{"embeddable":true,"href":"https:\/\/xunarestaurante.com.mx\/index.php?rest_route=%2Fwp%2Fv2%2Fcomments&post=19"}],"version-history":[{"count":28,"href":"https:\/\/xunarestaurante.com.mx\/index.php?rest_route=\/wp\/v2\/pages\/19\/revisions"}],"predecessor-version":[{"id":2343,"href":"https:\/\/xunarestaurante.com.mx\/index.php?rest_route=\/wp\/v2\/pages\/19\/revisions\/2343"}],"wp:attachment":[{"href":"https:\/\/xunarestaurante.com.mx\/index.php?rest_route=%2Fwp%2Fv2%2Fmedia&parent=19"}],"curies":[{"name":"wp","href":"https:\/\/api.w.org\/{rel}","templated":true}]}}